{"id":269,"date":"2025-10-29T15:49:46","date_gmt":"2025-10-29T14:49:46","guid":{"rendered":"http:\/\/localhost\/wordpress\/?page_id=269"},"modified":"2025-11-02T22:54:41","modified_gmt":"2025-11-02T21:54:41","slug":"web-sites","status":"publish","type":"page","link":"https:\/\/mdesigns-shop.net\/ar\/web-sites\/","title":{"rendered":"Commander Votre Site Web"},"content":{"rendered":"<p data-aos-duration=\"800\" data-aos-easing=\"ease-out-cubic\" data-aos-once=\"true\" data-aos=\"scale-in-x\" class=\"has-text-align-center\">Remplissez ce formulaire pour nous aider \u00e0 comprendre vos besoins et vos objectifs.<br>Plus vous nous donnez de d\u00e9tails, plus nous pourrons vous proposer une solution adapt\u00e9e \u00e0 votre activit\u00e9.<br>Nos experts vous contacteront rapidement avec une proposition personnalis\u00e9e (devis ou rendez-vous).<\/p>\n\n\n\n<div data-aos-duration=\"800\" data-aos-easing=\"ease-out-cubic\" data-aos-once=\"true\" data-aos=\"scale-in-x\" class=\"forminator-guttenberg\"><div class=\"forminator-ui forminator-custom-form forminator-custom-form-292 forminator-design--material  forminator_ajax\" data-forminator-render=\"0\" data-form=\"forminator-module-292\" data-uid=\"69e5e47e178a9\"><br\/><\/div><form\n\t\t\t\tid=\"forminator-module-292\"\n\t\t\t\tclass=\"forminator-ui forminator-custom-form forminator-custom-form-292 forminator-design--material  forminator_ajax\"\n\t\t\t\tmethod=\"post\"\n\t\t\t\tdata-forminator-render=\"0\"\n\t\t\t\tdata-form-id=\"292\"\n\t\t\t\t data-color-option=\"theme\" data-design=\"material\" data-grid=\"open\" style=\"display: none;\"\n\t\t\t\tdata-uid=\"69e5e47e178a9\" action=\"\"\n\t\t\t><div role=\"alert\" aria-live=\"polite\" class=\"forminator-response-message forminator-error\" aria-hidden=\"true\"><\/div><div class=\"forminator-row\"><div id=\"name-1\" class=\"forminator-field-name forminator-col forminator-col-6\"><div class=\"forminator-row forminator-no-margin\" data-multiple=\"true\"><div class=\"forminator-col forminator-col-md-6\"><div class=\"forminator-field\"><label for=\"forminator-field-first-name-1_69e5e47e178a9\" id=\"forminator-field-first-name-1_69e5e47e178a9-label\" class=\"forminator-label\">Pr\u00e9nom <span class=\"forminator-required\">*<\/span><\/label><input type=\"text\" name=\"name-1-first-name\" placeholder=\"\" id=\"forminator-field-first-name-1_69e5e47e178a9\" class=\"forminator-input\" aria-required=\"true\" data-multi=\"1\" autocomplete=\"given-name\" value=\"\" \/><\/div><\/div><div class=\"forminator-col forminator-col-md-6\"><div class=\"forminator-field\"><label for=\"forminator-field-last-name-1_69e5e47e178a9\" id=\"forminator-field-last-name-1_69e5e47e178a9-label\" class=\"forminator-label\">Nom de famille <span class=\"forminator-required\">*<\/span><\/label><input type=\"text\" name=\"name-1-last-name\" placeholder=\"\" id=\"forminator-field-last-name-1_69e5e47e178a9\" class=\"forminator-input\" aria-required=\"true\" data-multi=\"1\" autocomplete=\"family-name\" value=\"\" \/><\/div><\/div><\/div><\/div><div id=\"phone-1\" class=\"forminator-field-phone forminator-col forminator-col-6\"><div class=\"forminator-field\"><label for=\"forminator-field-phone-1_69e5e47e178a9\" id=\"forminator-field-phone-1_69e5e47e178a9-label\" class=\"forminator-label\">Num\u00e9ro de t\u00e9l\u00e9phone (whatsapp pour confirm\u00e9e) <span class=\"forminator-required\">*<\/span><\/label><input type=\"text\" name=\"phone-1\" value=\"\" placeholder=\"\" id=\"forminator-field-phone-1_69e5e47e178a9\" class=\"forminator-input forminator-field--phone\" data-required=\"1\" aria-required=\"true\" autocomplete=\"off\" data-validation=\"1\" \/><\/div><\/div><\/div><div class=\"forminator-row\"><div id=\"radio-1\" class=\"forminator-field-radio forminator-col forminator-col-6\"><div role=\"radiogroup\" class=\"forminator-field\" aria-labelledby=\"forminator-radiogroup-radio-1-69e5e47e178a9-label\"><span id=\"forminator-radiogroup-radio-1-69e5e47e178a9-label\" class=\"forminator-label\">Type de Site <span class=\"forminator-required\">*<\/span><\/span><label id=\"forminator-field-radio-1-label-1\" for=\"forminator-field-radio-1-1-69e5e47e178a9\" class=\"forminator-radio\" title=\"Site Vitrine\"><input type=\"radio\" name=\"radio-1\" value=\"one\" id=\"forminator-field-radio-1-1-69e5e47e178a9\" aria-labelledby=\"forminator-field-radio-1-label-1\" data-calculation=\"0\"   data-hidden-behavior=\"zero\"\/><span class=\"forminator-radio-bullet\" aria-hidden=\"true\"><\/span><span class=\"forminator-radio-label\">Site Vitrine<\/span><\/label><label id=\"forminator-field-radio-1-label-2\" for=\"forminator-field-radio-1-2-69e5e47e178a9\" class=\"forminator-radio\" title=\"Site E-Commerce (Boutique en Ligne)\"><input type=\"radio\" name=\"radio-1\" value=\"two\" id=\"forminator-field-radio-1-2-69e5e47e178a9\" aria-labelledby=\"forminator-field-radio-1-label-2\" data-calculation=\"0\"   data-hidden-behavior=\"zero\"\/><span class=\"forminator-radio-bullet\" aria-hidden=\"true\"><\/span><span class=\"forminator-radio-label\">Site E-Commerce (Boutique en Ligne)<\/span><\/label><label id=\"forminator-field-radio-1-label-3\" for=\"forminator-field-radio-1-3-69e5e47e178a9\" class=\"forminator-radio\" title=\"Landing Page\"><input type=\"radio\" name=\"radio-1\" value=\"Landing-Page\" id=\"forminator-field-radio-1-3-69e5e47e178a9\" aria-labelledby=\"forminator-field-radio-1-label-3\" data-calculation=\"0\"   data-hidden-behavior=\"zero\"\/><span class=\"forminator-radio-bullet\" aria-hidden=\"true\"><\/span><span class=\"forminator-radio-label\">Landing Page<\/span><\/label><label id=\"forminator-field-radio-1-label-4\" for=\"forminator-field-radio-1-4-69e5e47e178a9\" class=\"forminator-radio\" title=\"Blog Personnel\"><input type=\"radio\" name=\"radio-1\" value=\"Blog-Personnel\" id=\"forminator-field-radio-1-4-69e5e47e178a9\" aria-labelledby=\"forminator-field-radio-1-label-4\" data-calculation=\"0\"   data-hidden-behavior=\"zero\"\/><span class=\"forminator-radio-bullet\" aria-hidden=\"true\"><\/span><span class=\"forminator-radio-label\">Blog Personnel<\/span><\/label><\/div><\/div><div id=\"checkbox-1\" class=\"forminator-field-checkbox forminator-col forminator-col-6\"><div role=\"group\" class=\"forminator-field required\" aria-labelledby=\"forminator-checkbox-group-forminator-field-checkbox-1-69e5e47e178a9-label\"><span id=\"forminator-checkbox-group-forminator-field-checkbox-1-69e5e47e178a9-label\" class=\"forminator-label\">Les Pages que Vous Voulez dans votre Site <span class=\"forminator-required\">*<\/span><\/span><label id=\"forminator-field-checkbox-1-1-69e5e47e178a9-label\" for=\"forminator-field-checkbox-1-1-69e5e47e178a9\" class=\"forminator-checkbox\" title=\"Page D&#039;Acceuil\"><input type=\"checkbox\" name=\"checkbox-1[]\" value=\"service-1\" id=\"forminator-field-checkbox-1-1-69e5e47e178a9\" aria-labelledby=\"forminator-field-checkbox-1-1-69e5e47e178a9-label\" data-calculation=\"0\"  \/><span class=\"forminator-checkbox-box\" aria-hidden=\"true\"><\/span><span class=\"forminator-checkbox-label\">Page D'Acceuil<\/span><\/label><label id=\"forminator-field-checkbox-1-2-69e5e47e178a9-label\" for=\"forminator-field-checkbox-1-2-69e5e47e178a9\" class=\"forminator-checkbox\" title=\"Page Pr\u00e9sentation\"><input type=\"checkbox\" name=\"checkbox-1[]\" value=\"Page-Pr\u00e9sentation\" id=\"forminator-field-checkbox-1-2-69e5e47e178a9\" aria-labelledby=\"forminator-field-checkbox-1-2-69e5e47e178a9-label\" data-calculation=\"0\"  \/><span class=\"forminator-checkbox-box\" aria-hidden=\"true\"><\/span><span class=\"forminator-checkbox-label\">Page Pr\u00e9sentation<\/span><\/label><label id=\"forminator-field-checkbox-1-3-69e5e47e178a9-label\" for=\"forminator-field-checkbox-1-3-69e5e47e178a9\" class=\"forminator-checkbox\" title=\"Page Boutique (Services\/Produits)\"><input type=\"checkbox\" name=\"checkbox-1[]\" value=\"service-2\" id=\"forminator-field-checkbox-1-3-69e5e47e178a9\" aria-labelledby=\"forminator-field-checkbox-1-3-69e5e47e178a9-label\" data-calculation=\"0\"  \/><span class=\"forminator-checkbox-box\" aria-hidden=\"true\"><\/span><span class=\"forminator-checkbox-label\">Page Boutique (Services\/Produits)<\/span><\/label><label id=\"forminator-field-checkbox-1-4-69e5e47e178a9-label\" for=\"forminator-field-checkbox-1-4-69e5e47e178a9\" class=\"forminator-checkbox\" title=\"Page Portfolio \/ Gallerie\"><input type=\"checkbox\" name=\"checkbox-1[]\" value=\"Page-Portfolio\" id=\"forminator-field-checkbox-1-4-69e5e47e178a9\" aria-labelledby=\"forminator-field-checkbox-1-4-69e5e47e178a9-label\" data-calculation=\"0\"  \/><span class=\"forminator-checkbox-box\" aria-hidden=\"true\"><\/span><span class=\"forminator-checkbox-label\">Page Portfolio \/ Gallerie<\/span><\/label><label id=\"forminator-field-checkbox-1-5-69e5e47e178a9-label\" for=\"forminator-field-checkbox-1-5-69e5e47e178a9\" class=\"forminator-checkbox\" title=\"Page Contacts\"><input type=\"checkbox\" name=\"checkbox-1[]\" value=\"Page-Contacts\" id=\"forminator-field-checkbox-1-5-69e5e47e178a9\" aria-labelledby=\"forminator-field-checkbox-1-5-69e5e47e178a9-label\" data-calculation=\"0\"  \/><span class=\"forminator-checkbox-box\" aria-hidden=\"true\"><\/span><span class=\"forminator-checkbox-label\">Page Contacts<\/span><\/label><\/div><\/div><\/div><div class=\"forminator-row\"><div id=\"text-2\" class=\"forminator-field-text forminator-col forminator-col-6\"><div class=\"forminator-field\"><label for=\"forminator-field-text-2_69e5e47e178a9\" id=\"forminator-field-text-2_69e5e47e178a9-label\" class=\"forminator-label\">Nom que vous voulez pour votre site <span class=\"forminator-required\">*<\/span><\/label><input type=\"text\" name=\"text-2\" value=\"\" placeholder=\"\" id=\"forminator-field-text-2_69e5e47e178a9\" class=\"forminator-input forminator-name--field\" data-required=\"1\" \/><\/div><\/div><div id=\"text-1\" class=\"forminator-field-text forminator-col forminator-col-6\"><div class=\"forminator-field\"><label for=\"forminator-field-text-1_69e5e47e178a9\" id=\"forminator-field-text-1_69e5e47e178a9-label\" class=\"forminator-label\">Votre Domaine de Travaille <span class=\"forminator-required\">*<\/span><\/label><input type=\"text\" name=\"text-1\" value=\"\" placeholder=\"\" id=\"forminator-field-text-1_69e5e47e178a9\" class=\"forminator-input forminator-name--field\" data-required=\"1\" \/><\/div><\/div><\/div><div class=\"forminator-row\"><div id=\"radio-2\" class=\"forminator-field-radio forminator-col forminator-col-12\"><div role=\"radiogroup\" class=\"forminator-field\" aria-labelledby=\"forminator-radiogroup-radio-2-69e5e47e178a9-label\"><span id=\"forminator-radiogroup-radio-2-69e5e47e178a9-label\" class=\"forminator-label\">Budget Approximative : <span class=\"forminator-required\">*<\/span><\/span><label id=\"forminator-field-radio-2-label-1\" for=\"forminator-field-radio-2-1-69e5e47e178a9\" class=\"forminator-radio\" title=\"20000DA - 30000DA\"><input type=\"radio\" name=\"radio-2\" value=\"one\" id=\"forminator-field-radio-2-1-69e5e47e178a9\" aria-labelledby=\"forminator-field-radio-2-label-1\" data-calculation=\"0\"   data-hidden-behavior=\"zero\"\/><span class=\"forminator-radio-bullet\" aria-hidden=\"true\"><\/span><span class=\"forminator-radio-label\">20000DA - 30000DA<\/span><\/label><label id=\"forminator-field-radio-2-label-2\" for=\"forminator-field-radio-2-2-69e5e47e178a9\" class=\"forminator-radio\" title=\"30000DA - 50000DA\"><input type=\"radio\" name=\"radio-2\" value=\"two\" id=\"forminator-field-radio-2-2-69e5e47e178a9\" aria-labelledby=\"forminator-field-radio-2-label-2\" data-calculation=\"0\"   data-hidden-behavior=\"zero\"\/><span class=\"forminator-radio-bullet\" aria-hidden=\"true\"><\/span><span class=\"forminator-radio-label\">30000DA - 50000DA<\/span><\/label><label id=\"forminator-field-radio-2-label-3\" for=\"forminator-field-radio-2-3-69e5e47e178a9\" class=\"forminator-radio\" title=\"Plus de 50000DA\"><input type=\"radio\" name=\"radio-2\" value=\"Plus-de-50000DA\" id=\"forminator-field-radio-2-3-69e5e47e178a9\" aria-labelledby=\"forminator-field-radio-2-label-3\" data-calculation=\"0\"   data-hidden-behavior=\"zero\"\/><span class=\"forminator-radio-bullet\" aria-hidden=\"true\"><\/span><span class=\"forminator-radio-label\">Plus de 50000DA<\/span><\/label><\/div><\/div><\/div><div class=\"forminator-row\"><div id=\"radio-3\" class=\"forminator-field-radio forminator-col forminator-col-12\"><div role=\"radiogroup\" class=\"forminator-field\" aria-labelledby=\"forminator-radiogroup-radio-3-69e5e47e178a9-label\"><span id=\"forminator-radiogroup-radio-3-69e5e47e178a9-label\" class=\"forminator-label\">D\u00e9lai Souhait\u00e9 : <span class=\"forminator-required\">*<\/span><\/span><label id=\"forminator-field-radio-3-label-1\" for=\"forminator-field-radio-3-1-69e5e47e178a9\" class=\"forminator-radio\" title=\"Urgent (moins de 3 jours)\"><input type=\"radio\" name=\"radio-3\" value=\"one\" id=\"forminator-field-radio-3-1-69e5e47e178a9\" aria-labelledby=\"forminator-field-radio-3-label-1\" data-calculation=\"0\"   data-hidden-behavior=\"zero\"\/><span class=\"forminator-radio-bullet\" aria-hidden=\"true\"><\/span><span class=\"forminator-radio-label\">Urgent (moins de 3 jours)<\/span><\/label><label id=\"forminator-field-radio-3-label-2\" for=\"forminator-field-radio-3-2-69e5e47e178a9\" class=\"forminator-radio\" title=\"7\u201310 Jours\"><input type=\"radio\" name=\"radio-3\" value=\"two\" id=\"forminator-field-radio-3-2-69e5e47e178a9\" aria-labelledby=\"forminator-field-radio-3-label-2\" data-calculation=\"0\"   data-hidden-behavior=\"zero\"\/><span class=\"forminator-radio-bullet\" aria-hidden=\"true\"><\/span><span class=\"forminator-radio-label\">7\u201310 Jours<\/span><\/label><label id=\"forminator-field-radio-3-label-3\" for=\"forminator-field-radio-3-3-69e5e47e178a9\" class=\"forminator-radio\" title=\"Pas Urgent\"><input type=\"radio\" name=\"radio-3\" value=\"Pas-Urgent\" id=\"forminator-field-radio-3-3-69e5e47e178a9\" aria-labelledby=\"forminator-field-radio-3-label-3\" data-calculation=\"0\"   data-hidden-behavior=\"zero\"\/><span class=\"forminator-radio-bullet\" aria-hidden=\"true\"><\/span><span class=\"forminator-radio-label\">Pas Urgent<\/span><\/label><\/div><\/div><\/div><input type=\"hidden\" name=\"referer_url\" value=\"\" \/><div class=\"forminator-row forminator-row-last\"><div class=\"forminator-col\"><div class=\"forminator-field\"><button class=\"forminator-button forminator-button-submit\"><span>Demander un devis<\/span><span aria-hidden=\"true\"><\/span><\/button><\/div><\/div><\/div><input type=\"hidden\" id=\"forminator_nonce\" name=\"forminator_nonce\" value=\"27ec0e505f\" \/><input type=\"hidden\" name=\"_wp_http_referer\" value=\"\/ar\/wp-json\/wp\/v2\/pages\/269\" \/><input type=\"hidden\" name=\"form_id\" value=\"292\"><input type=\"hidden\" name=\"page_id\" value=\"269\"><input type=\"hidden\" name=\"form_type\" value=\"default\"><input type=\"hidden\" name=\"current_url\" value=\"https:\/\/mdesigns-shop.net\/ar\/web-sites\/\"><input type=\"hidden\" name=\"render_id\" value=\"0\"><input type=\"hidden\" name=\"action\" value=\"forminator_submit_form_custom-forms\"><input type=\"hidden\" name=\"trp-form-language\" value=\"ar\"\/><\/form><\/div>","protected":false},"excerpt":{"rendered":"<p>Remplissez ce formulaire pour nous aider \u00e0 comprendre vos besoins et vos objectifs.Plus vous nous donnez de d\u00e9tails, plus nous pourrons vous proposer une solution adapt\u00e9e \u00e0 votre activit\u00e9.Nos experts vous contacteront rapidement avec une proposition personnalis\u00e9e (devis ou rendez-vous).<\/p>","protected":false},"author":1,"featured_media":0,"parent":0,"menu_order":0,"comment_status":"closed","ping_status":"closed","template":"","meta":{"footnotes":""},"class_list":["post-269","page","type-page","status-publish","hentry"],"jetpack_sharing_enabled":true,"_links":{"self":[{"href":"https:\/\/mdesigns-shop.net\/ar\/wp-json\/wp\/v2\/pages\/269","targetHints":{"allow":["GET"]}}],"collection":[{"href":"https:\/\/mdesigns-shop.net\/ar\/wp-json\/wp\/v2\/pages"}],"about":[{"href":"https:\/\/mdesigns-shop.net\/ar\/wp-json\/wp\/v2\/types\/page"}],"author":[{"embeddable":true,"href":"https:\/\/mdesigns-shop.net\/ar\/wp-json\/wp\/v2\/users\/1"}],"replies":[{"embeddable":true,"href":"https:\/\/mdesigns-shop.net\/ar\/wp-json\/wp\/v2\/comments?post=269"}],"version-history":[{"count":7,"href":"https:\/\/mdesigns-shop.net\/ar\/wp-json\/wp\/v2\/pages\/269\/revisions"}],"predecessor-version":[{"id":295,"href":"https:\/\/mdesigns-shop.net\/ar\/wp-json\/wp\/v2\/pages\/269\/revisions\/295"}],"wp:attachment":[{"href":"https:\/\/mdesigns-shop.net\/ar\/wp-json\/wp\/v2\/media?parent=269"}],"curies":[{"name":"wp","href":"https:\/\/api.w.org\/{rel}","templated":true}]}}