{"id":320,"date":"2026-01-05T18:19:46","date_gmt":"2026-01-05T17:19:46","guid":{"rendered":"https:\/\/mdesigns-shop.net\/?page_id=320"},"modified":"2026-01-05T18:29:24","modified_gmt":"2026-01-05T17:29:24","slug":"branding-2","status":"publish","type":"page","link":"https:\/\/mdesigns-shop.net\/ar\/branding-2\/","title":{"rendered":"Branding"},"content":{"rendered":"<p class=\"has-text-align-center\"><strong>Remplissez ce formulaire pour nous aider \u00e0 comprendre l\u2019identit\u00e9 de votre marque, vos valeurs et votre positionnement.<\/strong><br>Plus vous nous donnez de d\u00e9tails, plus nous pourrons cr\u00e9er une image de marque coh\u00e9rente et impactante.<br>Nos experts vous contacteront rapidement avec une proposition personnalis\u00e9e (branding, identit\u00e9 visuelle ou accompagnement).<\/p>\n\n\n\n<div class=\"forminator-guttenberg\" data-aos=\"fade-up\" data-aos-duration=\"800\"><div class=\"forminator-ui forminator-custom-form forminator-custom-form-318 forminator-design--default  forminator_ajax\" data-forminator-render=\"0\" data-form=\"forminator-module-318\" data-uid=\"69e0f226ae29c\"><br\/><\/div><form\n\t\t\t\tid=\"forminator-module-318\"\n\t\t\t\tclass=\"forminator-ui forminator-custom-form forminator-custom-form-318 forminator-design--default  forminator_ajax\"\n\t\t\t\tmethod=\"post\"\n\t\t\t\tdata-forminator-render=\"0\"\n\t\t\t\tdata-form-id=\"318\"\n\t\t\t\t data-color-option=\"theme\" data-design=\"default\" data-grid=\"open\" style=\"display: none;\"\n\t\t\t\tdata-uid=\"69e0f226ae29c\" action=\"\"\n\t\t\t><div role=\"alert\" aria-live=\"polite\" class=\"forminator-response-message forminator-error\" aria-hidden=\"true\"><\/div><div class=\"forminator-row\"><div id=\"name-1\" class=\"forminator-field-name forminator-col forminator-col-6\"><div class=\"forminator-row forminator-no-margin\" data-multiple=\"true\"><div class=\"forminator-col forminator-col-md-6\"><div class=\"forminator-field\"><label for=\"forminator-field-first-name-1_69e0f226ae29c\" id=\"forminator-field-first-name-1_69e0f226ae29c-label\" class=\"forminator-label\">Pr\u00e9nom <span class=\"forminator-required\">*<\/span><\/label><input type=\"text\" name=\"name-1-first-name\" placeholder=\"\" id=\"forminator-field-first-name-1_69e0f226ae29c\" class=\"forminator-input\" aria-required=\"true\" data-multi=\"1\" autocomplete=\"given-name\" value=\"\" \/><\/div><\/div><div class=\"forminator-col forminator-col-md-6\"><div class=\"forminator-field\"><label for=\"forminator-field-last-name-1_69e0f226ae29c\" id=\"forminator-field-last-name-1_69e0f226ae29c-label\" class=\"forminator-label\">Nom de famille <span class=\"forminator-required\">*<\/span><\/label><input type=\"text\" name=\"name-1-last-name\" placeholder=\"\" id=\"forminator-field-last-name-1_69e0f226ae29c\" class=\"forminator-input\" aria-required=\"true\" data-multi=\"1\" autocomplete=\"family-name\" value=\"\" \/><\/div><\/div><\/div><\/div><div id=\"phone-1\" class=\"forminator-field-phone forminator-col forminator-col-6\"><div class=\"forminator-field\"><label for=\"forminator-field-phone-1_69e0f226ae29c\" id=\"forminator-field-phone-1_69e0f226ae29c-label\" class=\"forminator-label\">Num\u00e9ro de t\u00e9l\u00e9phone (whatsapp pour confirm\u00e9e) <span class=\"forminator-required\">*<\/span><\/label><input type=\"text\" name=\"phone-1\" value=\"\" placeholder=\"\" id=\"forminator-field-phone-1_69e0f226ae29c\" class=\"forminator-input forminator-field--phone\" data-required=\"1\" aria-required=\"true\" autocomplete=\"off\" data-validation=\"1\" \/><\/div><\/div><\/div><div class=\"forminator-row\"><div id=\"checkbox-1\" class=\"forminator-field-checkbox forminator-col forminator-col-6\"><div role=\"group\" class=\"forminator-field required\" aria-labelledby=\"forminator-checkbox-group-forminator-field-checkbox-1-69e0f226ae29c-label\"><span id=\"forminator-checkbox-group-forminator-field-checkbox-1-69e0f226ae29c-label\" class=\"forminator-label\">Quel service souhaitez-vous pour votre marque ? <span class=\"forminator-required\">*<\/span><\/span><label id=\"forminator-field-checkbox-1-1-69e0f226ae29c-label\" for=\"forminator-field-checkbox-1-1-69e0f226ae29c\" class=\"forminator-checkbox\" title=\"Logo\"><input type=\"checkbox\" name=\"checkbox-1[]\" value=\"service-1\" id=\"forminator-field-checkbox-1-1-69e0f226ae29c\" aria-labelledby=\"forminator-field-checkbox-1-1-69e0f226ae29c-label\" data-calculation=\"0\"  \/><span class=\"forminator-checkbox-box\" aria-hidden=\"true\"><\/span><span class=\"forminator-checkbox-label\">Logo<\/span><\/label><label id=\"forminator-field-checkbox-1-2-69e0f226ae29c-label\" for=\"forminator-field-checkbox-1-2-69e0f226ae29c\" class=\"forminator-checkbox\" title=\"Brand Complete\"><input type=\"checkbox\" name=\"checkbox-1[]\" value=\"Brand-Complete\" id=\"forminator-field-checkbox-1-2-69e0f226ae29c\" aria-labelledby=\"forminator-field-checkbox-1-2-69e0f226ae29c-label\" data-calculation=\"0\"  \/><span class=\"forminator-checkbox-box\" aria-hidden=\"true\"><\/span><span class=\"forminator-checkbox-label\">Brand Complete<\/span><\/label><label id=\"forminator-field-checkbox-1-3-69e0f226ae29c-label\" for=\"forminator-field-checkbox-1-3-69e0f226ae29c\" class=\"forminator-checkbox\" title=\"Charte Graphique\"><input type=\"checkbox\" name=\"checkbox-1[]\" value=\"service-2\" id=\"forminator-field-checkbox-1-3-69e0f226ae29c\" aria-labelledby=\"forminator-field-checkbox-1-3-69e0f226ae29c-label\" data-calculation=\"0\"  \/><span class=\"forminator-checkbox-box\" aria-hidden=\"true\"><\/span><span class=\"forminator-checkbox-label\">Charte Graphique<\/span><\/label><\/div><\/div><div id=\"name-2\" class=\"forminator-field-name forminator-col forminator-col-6\"><div class=\"forminator-field\"><label for=\"forminator-field-name-2_69e0f226ae29c\" id=\"forminator-field-name-2_69e0f226ae29c-label\" class=\"forminator-label\">Nom de Votre Brand <span class=\"forminator-required\">*<\/span><\/label><input type=\"text\" name=\"name-2\" value=\"\" placeholder=\"Nom de la marque souhait\u00e9e\" id=\"forminator-field-name-2_69e0f226ae29c\" class=\"forminator-input forminator-name--field\" aria-required=\"true\" autocomplete=\"name\" \/><\/div><\/div><\/div><input type=\"hidden\" name=\"referer_url\" value=\"\" \/><div class=\"forminator-row forminator-row-last\"><div class=\"forminator-col\"><div class=\"forminator-field\"><button class=\"forminator-button forminator-button-submit\">Demander un devis<\/button><\/div><\/div><\/div><input type=\"hidden\" id=\"forminator_nonce\" name=\"forminator_nonce\" value=\"d95d4a6e6f\" \/><input type=\"hidden\" name=\"_wp_http_referer\" value=\"\/ar\/wp-json\/wp\/v2\/pages\/320\" \/><input type=\"hidden\" name=\"form_id\" value=\"318\"><input type=\"hidden\" name=\"page_id\" value=\"320\"><input type=\"hidden\" name=\"form_type\" value=\"default\"><input type=\"hidden\" name=\"current_url\" value=\"https:\/\/mdesigns-shop.net\/ar\/branding-2\/\"><input type=\"hidden\" name=\"render_id\" value=\"0\"><input type=\"hidden\" name=\"action\" value=\"forminator_submit_form_custom-forms\"><input type=\"hidden\" name=\"trp-form-language\" value=\"ar\"\/><\/form><\/div>","protected":false},"excerpt":{"rendered":"<p>Remplissez ce formulaire pour nous aider \u00e0 comprendre l\u2019identit\u00e9 de votre marque, vos valeurs et votre positionnement.Plus vous nous donnez de d\u00e9tails, plus nous pourrons cr\u00e9er une image de marque coh\u00e9rente et impactante.Nos experts vous contacteront rapidement avec une proposition personnalis\u00e9e (branding, identit\u00e9 visuelle ou accompagnement).<\/p>","protected":false},"author":1,"featured_media":0,"parent":0,"menu_order":0,"comment_status":"closed","ping_status":"closed","template":"","meta":{"footnotes":""},"class_list":["post-320","page","type-page","status-publish","hentry"],"jetpack_sharing_enabled":true,"_links":{"self":[{"href":"https:\/\/mdesigns-shop.net\/ar\/wp-json\/wp\/v2\/pages\/320","targetHints":{"allow":["GET"]}}],"collection":[{"href":"https:\/\/mdesigns-shop.net\/ar\/wp-json\/wp\/v2\/pages"}],"about":[{"href":"https:\/\/mdesigns-shop.net\/ar\/wp-json\/wp\/v2\/types\/page"}],"author":[{"embeddable":true,"href":"https:\/\/mdesigns-shop.net\/ar\/wp-json\/wp\/v2\/users\/1"}],"replies":[{"embeddable":true,"href":"https:\/\/mdesigns-shop.net\/ar\/wp-json\/wp\/v2\/comments?post=320"}],"version-history":[{"count":2,"href":"https:\/\/mdesigns-shop.net\/ar\/wp-json\/wp\/v2\/pages\/320\/revisions"}],"predecessor-version":[{"id":324,"href":"https:\/\/mdesigns-shop.net\/ar\/wp-json\/wp\/v2\/pages\/320\/revisions\/324"}],"wp:attachment":[{"href":"https:\/\/mdesigns-shop.net\/ar\/wp-json\/wp\/v2\/media?parent=320"}],"curies":[{"name":"wp","href":"https:\/\/api.w.org\/{rel}","templated":true}]}}