{"id":108,"date":"2025-10-19T23:32:49","date_gmt":"2025-10-19T21:32:49","guid":{"rendered":"http:\/\/localhost\/wordpress\/?post_type=product&#038;p=108"},"modified":"2026-01-10T21:00:07","modified_gmt":"2026-01-10T20:00:07","slug":"stickers-autocollants","status":"publish","type":"product","link":"https:\/\/mdesigns-shop.net\/ar\/product\/stickers-autocollants\/","title":{"rendered":"Stickers Autocollants"},"content":{"rendered":"<p data-start=\"126\" data-end=\"401\">Ajoutez une touche unique \u00e0 vos produits, emballages ou objets promotionnels avec nos <strong data-start=\"212\" data-end=\"251\">stickers autocollants personnalis\u00e9s<\/strong>. Imprim\u00e9s sur un <strong data-start=\"269\" data-end=\"296\">vinyle de haute qualit\u00e9<\/strong>, ils offrent une <strong data-start=\"314\" data-end=\"339\">excellente durabilit\u00e9<\/strong>, une <strong data-start=\"345\" data-end=\"367\">adh\u00e9rence parfaite<\/strong> et des <strong data-start=\"375\" data-end=\"398\">couleurs \u00e9clatantes<\/strong>.<\/p>\n<p data-start=\"403\" data-end=\"723\">Disponibles en <strong data-start=\"418\" data-end=\"446\">toutes formes et tailles<\/strong>, avec <strong data-start=\"453\" data-end=\"485\">d\u00e9coupe droite ou \u00e0 la forme<\/strong>, nos stickers sont r\u00e9sistants \u00e0 l\u2019<strong data-start=\"520\" data-end=\"550\">eau, aux rayures et aux UV<\/strong>, id\u00e9als pour une utilisation <strong data-start=\"580\" data-end=\"608\">int\u00e9rieure ou ext\u00e9rieure<\/strong>. Vous pouvez choisir entre des <strong data-start=\"640\" data-end=\"688\">finitions brillantes<\/strong>, selon le style de votre marque.<\/p>\n<p data-start=\"725\" data-end=\"946\">Parfaits pour <strong data-start=\"739\" data-end=\"790\">les marques, artisans, cr\u00e9ateurs et entreprises<\/strong>, les stickers autocollants sont un <strong data-start=\"826\" data-end=\"892\">moyen simple et efficace de promouvoir votre identit\u00e9 visuelle<\/strong> ou de <strong data-start=\"899\" data-end=\"943\">personnaliser vos produits et emballages<\/strong>.<\/p>","protected":false},"excerpt":{"rendered":"<p>Ajoutez une touche unique \u00e0 vos produits, emballages ou objets promotionnels avec nos stickers autocollants personnalis\u00e9s. Imprim\u00e9s sur un vinyle de haute qualit\u00e9, ils offrent une excellente durabilit\u00e9, une adh\u00e9rence parfaite et des couleurs \u00e9clatantes. Disponibles en toutes formes et tailles, avec d\u00e9coupe droite ou \u00e0 la forme, nos stickers sont r\u00e9sistants \u00e0 l\u2019eau, aux [&hellip;]<\/p>\n","protected":false},"featured_media":173,"comment_status":"open","ping_status":"closed","template":"","meta":[],"product_brand":[],"product_cat":[15],"product_tag":[],"class_list":{"0":"post-108","1":"product","2":"type-product","3":"status-publish","4":"has-post-thumbnail","6":"product_cat-non-classe","8":"first","9":"instock","10":"taxable","11":"shipping-taxable","12":"purchasable","13":"product-type-variable"},"jetpack_sharing_enabled":true,"_links":{"self":[{"href":"https:\/\/mdesigns-shop.net\/ar\/wp-json\/wp\/v2\/product\/108","targetHints":{"allow":["GET"]}}],"collection":[{"href":"https:\/\/mdesigns-shop.net\/ar\/wp-json\/wp\/v2\/product"}],"about":[{"href":"https:\/\/mdesigns-shop.net\/ar\/wp-json\/wp\/v2\/types\/product"}],"replies":[{"embeddable":true,"href":"https:\/\/mdesigns-shop.net\/ar\/wp-json\/wp\/v2\/comments?post=108"}],"wp:featuredmedia":[{"embeddable":true,"href":"https:\/\/mdesigns-shop.net\/ar\/wp-json\/wp\/v2\/media\/173"}],"wp:attachment":[{"href":"https:\/\/mdesigns-shop.net\/ar\/wp-json\/wp\/v2\/media?parent=108"}],"wp:term":[{"taxonomy":"product_brand","embeddable":true,"href":"https:\/\/mdesigns-shop.net\/ar\/wp-json\/wp\/v2\/product_brand?post=108"},{"taxonomy":"product_cat","embeddable":true,"href":"https:\/\/mdesigns-shop.net\/ar\/wp-json\/wp\/v2\/product_cat?post=108"},{"taxonomy":"product_tag","embeddable":true,"href":"https:\/\/mdesigns-shop.net\/ar\/wp-json\/wp\/v2\/product_tag?post=108"}],"curies":[{"name":"wp","href":"https:\/\/api.w.org\/{rel}","templated":true}]}}