{"id":113,"date":"2025-10-19T23:43:06","date_gmt":"2025-10-19T21:43:06","guid":{"rendered":"http:\/\/localhost\/wordpress\/?post_type=product&#038;p=113"},"modified":"2025-10-21T15:58:42","modified_gmt":"2025-10-21T13:58:42","slug":"sacs-en-plastiques","status":"publish","type":"product","link":"https:\/\/mdesigns-shop.net\/ar\/product\/sacs-en-plastiques\/","title":{"rendered":"Sacs en Plastiques"},"content":{"rendered":"<p data-start=\"129\" data-end=\"452\">Mettez en avant votre marque avec nos <strong data-start=\"167\" data-end=\"209\">sacs plastiques imprim\u00e9s personnalis\u00e9s<\/strong>, \u00e0 la fois <strong data-start=\"221\" data-end=\"246\">pratiques et \u00e9l\u00e9gants<\/strong>. Con\u00e7us \u00e0 partir d\u2019un <strong data-start=\"269\" data-end=\"306\">plastique r\u00e9sistant et de qualit\u00e9<\/strong>, ils assurent une <strong data-start=\"325\" data-end=\"350\">excellente durabilit\u00e9<\/strong> tout en valorisant votre <strong data-start=\"376\" data-end=\"397\">identit\u00e9 visuelle<\/strong> gr\u00e2ce \u00e0 une <strong data-start=\"410\" data-end=\"449\">impression nette et professionnelle<\/strong>.<\/p>\n<p data-start=\"454\" data-end=\"667\">Disponibles en plusieurs <strong data-start=\"479\" data-end=\"521\">formats<\/strong>, nos sacs sont parfaits pour <strong data-start=\"586\" data-end=\"664\">les boutiques, salons, \u00e9v\u00e9nements et marques souhaitant soigner leur image<\/strong>.<\/p>\n<p data-start=\"669\" data-end=\"898\">Gr\u00e2ce \u00e0 la <strong data-start=\"680\" data-end=\"711\">personnalisation sur mesure<\/strong> (logo, design, coordonn\u00e9es ou slogan), vos sacs deviennent un <strong data-start=\"774\" data-end=\"815\">v\u00e9ritable support publicitaire mobile<\/strong>, id\u00e9al pour <strong data-start=\"828\" data-end=\"853\">fid\u00e9liser vos clients<\/strong> et <strong data-start=\"857\" data-end=\"887\">renforcer votre visibilit\u00e9<\/strong> partout.<\/p>","protected":false},"excerpt":{"rendered":"<p>Mettez en avant votre marque avec nos sacs plastiques imprim\u00e9s personnalis\u00e9s, \u00e0 la fois pratiques et \u00e9l\u00e9gants. Con\u00e7us \u00e0 partir d\u2019un plastique r\u00e9sistant et de qualit\u00e9, ils assurent une excellente durabilit\u00e9 tout en valorisant votre identit\u00e9 visuelle gr\u00e2ce \u00e0 une impression nette et professionnelle. Disponibles en plusieurs formats, nos sacs sont parfaits pour les boutiques, [&hellip;]<\/p>\n","protected":false},"featured_media":172,"comment_status":"open","ping_status":"closed","template":"","meta":[],"product_brand":[],"product_cat":[15],"product_tag":[],"class_list":{"0":"post-113","1":"product","2":"type-product","3":"status-publish","4":"has-post-thumbnail","6":"product_cat-non-classe","8":"first","9":"instock","10":"taxable","11":"shipping-taxable","12":"purchasable","13":"product-type-variable"},"jetpack_sharing_enabled":true,"_links":{"self":[{"href":"https:\/\/mdesigns-shop.net\/ar\/wp-json\/wp\/v2\/product\/113","targetHints":{"allow":["GET"]}}],"collection":[{"href":"https:\/\/mdesigns-shop.net\/ar\/wp-json\/wp\/v2\/product"}],"about":[{"href":"https:\/\/mdesigns-shop.net\/ar\/wp-json\/wp\/v2\/types\/product"}],"replies":[{"embeddable":true,"href":"https:\/\/mdesigns-shop.net\/ar\/wp-json\/wp\/v2\/comments?post=113"}],"wp:featuredmedia":[{"embeddable":true,"href":"https:\/\/mdesigns-shop.net\/ar\/wp-json\/wp\/v2\/media\/172"}],"wp:attachment":[{"href":"https:\/\/mdesigns-shop.net\/ar\/wp-json\/wp\/v2\/media?parent=113"}],"wp:term":[{"taxonomy":"product_brand","embeddable":true,"href":"https:\/\/mdesigns-shop.net\/ar\/wp-json\/wp\/v2\/product_brand?post=113"},{"taxonomy":"product_cat","embeddable":true,"href":"https:\/\/mdesigns-shop.net\/ar\/wp-json\/wp\/v2\/product_cat?post=113"},{"taxonomy":"product_tag","embeddable":true,"href":"https:\/\/mdesigns-shop.net\/ar\/wp-json\/wp\/v2\/product_tag?post=113"}],"curies":[{"name":"wp","href":"https:\/\/api.w.org\/{rel}","templated":true}]}}