{"id":325,"date":"2026-01-07T19:38:13","date_gmt":"2026-01-07T18:38:13","guid":{"rendered":"https:\/\/mdesigns-shop.net\/?post_type=product&#038;p=325"},"modified":"2026-01-10T20:59:49","modified_gmt":"2026-01-10T19:59:49","slug":"attestations","status":"publish","type":"product","link":"https:\/\/mdesigns-shop.net\/ar\/product\/attestations\/","title":{"rendered":"Attestations"},"content":{"rendered":"<p data-start=\"131\" data-end=\"405\">Valorisez vos \u00e9v\u00e9nements, formations ou r\u00e9alisations avec nos <strong data-start=\"193\" data-end=\"224\">attestations personnalis\u00e9es<\/strong>, con\u00e7ues pour refl\u00e9ter le <strong data-start=\"251\" data-end=\"286\">s\u00e9rieux et le professionnalisme<\/strong> de votre organisation. Imprim\u00e9es sur un <strong data-start=\"327\" data-end=\"359\">papier de qualit\u00e9 sup\u00e9rieure<\/strong>, elles offrent un rendu \u00e9l\u00e9gant et durable.<\/p>\n<p data-start=\"407\" data-end=\"813\">Chaque attestation peut \u00eatre <strong data-start=\"436\" data-end=\"453\">personnalis\u00e9e<\/strong> avec votre <strong data-start=\"465\" data-end=\"531\">logo, nom du b\u00e9n\u00e9ficiaire, intitul\u00e9, date, signature et cachet<\/strong>, ainsi que des \u00e9l\u00e9ments graphiques adapt\u00e9s \u00e0 votre <strong data-start=\"583\" data-end=\"604\">identit\u00e9 visuelle<\/strong>. Disponibles en <strong data-start=\"621\" data-end=\"652\">design classique ou moderne<\/strong>, , elles conviennent parfaitement aux <strong data-start=\"741\" data-end=\"810\">entreprises, \u00e9coles, centres de formation et \u00e9v\u00e9nements officiels<\/strong>.<\/p>\n<p data-start=\"815\" data-end=\"977\">Les attestations repr\u00e9sentent une <strong data-start=\"849\" data-end=\"886\">preuve formelle de reconnaissance<\/strong>, renfor\u00e7ant la <strong data-start=\"902\" data-end=\"917\">cr\u00e9dibilit\u00e9<\/strong> et la <strong data-start=\"924\" data-end=\"934\">valeur<\/strong> de vos actions aupr\u00e8s des b\u00e9n\u00e9ficiaires.<\/p>","protected":false},"excerpt":{"rendered":"<p>Valorisez vos \u00e9v\u00e9nements, formations ou r\u00e9alisations avec nos attestations personnalis\u00e9es, con\u00e7ues pour refl\u00e9ter le s\u00e9rieux et le professionnalisme de votre organisation. Imprim\u00e9es sur un papier de qualit\u00e9 sup\u00e9rieure, elles offrent un rendu \u00e9l\u00e9gant et durable. Chaque attestation peut \u00eatre personnalis\u00e9e avec votre logo, nom du b\u00e9n\u00e9ficiaire, intitul\u00e9, date, signature et cachet, ainsi que des \u00e9l\u00e9ments [&hellip;]<\/p>\n","protected":false},"featured_media":326,"comment_status":"open","ping_status":"closed","template":"","meta":[],"product_brand":[],"product_cat":[15],"product_tag":[],"class_list":{"0":"post-325","1":"product","2":"type-product","3":"status-publish","4":"has-post-thumbnail","6":"product_cat-non-classe","8":"first","9":"instock","10":"taxable","11":"shipping-taxable","12":"purchasable","13":"product-type-simple"},"jetpack_sharing_enabled":true,"_links":{"self":[{"href":"https:\/\/mdesigns-shop.net\/ar\/wp-json\/wp\/v2\/product\/325","targetHints":{"allow":["GET"]}}],"collection":[{"href":"https:\/\/mdesigns-shop.net\/ar\/wp-json\/wp\/v2\/product"}],"about":[{"href":"https:\/\/mdesigns-shop.net\/ar\/wp-json\/wp\/v2\/types\/product"}],"replies":[{"embeddable":true,"href":"https:\/\/mdesigns-shop.net\/ar\/wp-json\/wp\/v2\/comments?post=325"}],"wp:featuredmedia":[{"embeddable":true,"href":"https:\/\/mdesigns-shop.net\/ar\/wp-json\/wp\/v2\/media\/326"}],"wp:attachment":[{"href":"https:\/\/mdesigns-shop.net\/ar\/wp-json\/wp\/v2\/media?parent=325"}],"wp:term":[{"taxonomy":"product_brand","embeddable":true,"href":"https:\/\/mdesigns-shop.net\/ar\/wp-json\/wp\/v2\/product_brand?post=325"},{"taxonomy":"product_cat","embeddable":true,"href":"https:\/\/mdesigns-shop.net\/ar\/wp-json\/wp\/v2\/product_cat?post=325"},{"taxonomy":"product_tag","embeddable":true,"href":"https:\/\/mdesigns-shop.net\/ar\/wp-json\/wp\/v2\/product_tag?post=325"}],"curies":[{"name":"wp","href":"https:\/\/api.w.org\/{rel}","templated":true}]}}