{"id":331,"date":"2026-01-07T19:48:42","date_gmt":"2026-01-07T18:48:42","guid":{"rendered":"https:\/\/mdesigns-shop.net\/?post_type=product&#038;p=331"},"modified":"2026-01-10T21:00:08","modified_gmt":"2026-01-10T20:00:08","slug":"cartes-remerciements-thank-you-cards","status":"publish","type":"product","link":"https:\/\/mdesigns-shop.net\/ar\/product\/cartes-remerciements-thank-you-cards\/","title":{"rendered":"Cartes Remerciements (Thank you Cards)"},"content":{"rendered":"<p data-start=\"131\" data-end=\"396\">Exprimez votre gratitude avec \u00e9l\u00e9gance gr\u00e2ce \u00e0 nos <strong data-start=\"182\" data-end=\"216\">Thank You Cards personnalis\u00e9es<\/strong>, con\u00e7ues pour cr\u00e9er un <strong data-start=\"240\" data-end=\"264\">lien \u00e9motionnel fort<\/strong> avec vos clients et partenaires. Imprim\u00e9es sur un <strong data-start=\"315\" data-end=\"351\">papier cartonn\u00e9 de haute qualit\u00e9<\/strong>, elles offrent un rendu soign\u00e9 et raffin\u00e9.<\/p>\n<p data-start=\"398\" data-end=\"730\">Personnalisables avec votre <strong data-start=\"426\" data-end=\"490\">logo, message de remerciement, couleurs et identit\u00e9 visuelle<\/strong>, nos cartes sont disponibles en <strong data-start=\"523\" data-end=\"564\">style minimaliste, moderne ou luxueux<\/strong>, avec des <strong data-start=\"575\" data-end=\"620\">finitions mates, brillantes ou soft touch<\/strong>. Elles sont id\u00e9ales pour accompagner <strong data-start=\"658\" data-end=\"727\">commandes, cadeaux, \u00e9v\u00e9nements ou collaborations professionnelles<\/strong>.<\/p>\n<p data-start=\"732\" data-end=\"910\">Les Thank You Cards ajoutent une <strong data-start=\"765\" data-end=\"802\">touche humaine et professionnelle<\/strong> \u00e0 votre marque, renforcent la <strong data-start=\"833\" data-end=\"856\">fid\u00e9lisation client<\/strong> et laissent une <strong data-start=\"873\" data-end=\"907\">impression positive et durable<\/strong>.<\/p>","protected":false},"excerpt":{"rendered":"<p>Exprimez votre gratitude avec \u00e9l\u00e9gance gr\u00e2ce \u00e0 nos Thank You Cards personnalis\u00e9es, con\u00e7ues pour cr\u00e9er un lien \u00e9motionnel fort avec vos clients et partenaires. Imprim\u00e9es sur un papier cartonn\u00e9 de haute qualit\u00e9, elles offrent un rendu soign\u00e9 et raffin\u00e9. Personnalisables avec votre logo, message de remerciement, couleurs et identit\u00e9 visuelle, nos cartes sont disponibles en [&hellip;]<\/p>\n","protected":false},"featured_media":330,"comment_status":"open","ping_status":"closed","template":"","meta":[],"product_brand":[],"product_cat":[15],"product_tag":[],"class_list":{"0":"post-331","1":"product","2":"type-product","3":"status-publish","4":"has-post-thumbnail","6":"product_cat-non-classe","8":"first","9":"instock","10":"taxable","11":"shipping-taxable","12":"purchasable","13":"product-type-variable"},"jetpack_sharing_enabled":true,"_links":{"self":[{"href":"https:\/\/mdesigns-shop.net\/ar\/wp-json\/wp\/v2\/product\/331","targetHints":{"allow":["GET"]}}],"collection":[{"href":"https:\/\/mdesigns-shop.net\/ar\/wp-json\/wp\/v2\/product"}],"about":[{"href":"https:\/\/mdesigns-shop.net\/ar\/wp-json\/wp\/v2\/types\/product"}],"replies":[{"embeddable":true,"href":"https:\/\/mdesigns-shop.net\/ar\/wp-json\/wp\/v2\/comments?post=331"}],"wp:featuredmedia":[{"embeddable":true,"href":"https:\/\/mdesigns-shop.net\/ar\/wp-json\/wp\/v2\/media\/330"}],"wp:attachment":[{"href":"https:\/\/mdesigns-shop.net\/ar\/wp-json\/wp\/v2\/media?parent=331"}],"wp:term":[{"taxonomy":"product_brand","embeddable":true,"href":"https:\/\/mdesigns-shop.net\/ar\/wp-json\/wp\/v2\/product_brand?post=331"},{"taxonomy":"product_cat","embeddable":true,"href":"https:\/\/mdesigns-shop.net\/ar\/wp-json\/wp\/v2\/product_cat?post=331"},{"taxonomy":"product_tag","embeddable":true,"href":"https:\/\/mdesigns-shop.net\/ar\/wp-json\/wp\/v2\/product_tag?post=331"}],"curies":[{"name":"wp","href":"https:\/\/api.w.org\/{rel}","templated":true}]}}