{"id":336,"date":"2026-01-07T19:50:21","date_gmt":"2026-01-07T18:50:21","guid":{"rendered":"https:\/\/mdesigns-shop.net\/?post_type=product&#038;p=336"},"modified":"2026-01-10T20:59:50","modified_gmt":"2026-01-10T19:59:50","slug":"cartes-rendez-vous","status":"publish","type":"product","link":"https:\/\/mdesigns-shop.net\/ar\/product\/cartes-rendez-vous\/","title":{"rendered":"Cartes Rendez-vous"},"content":{"rendered":"<p data-start=\"112\" data-end=\"406\">Facilitez l\u2019organisation de vos rendez-vous avec nos <strong data-start=\"165\" data-end=\"205\">cartes de rendez-vous personnalis\u00e9es<\/strong>, pratiques et professionnelles. Con\u00e7ues pour permettre une <strong data-start=\"265\" data-end=\"313\">lecture claire des informations essentielles<\/strong> (nom, date, heure, contact), elles offrent \u00e0 vos clients un <strong data-start=\"374\" data-end=\"403\">rappel simple et efficace<\/strong>.<\/p>\n<p data-start=\"408\" data-end=\"796\">Imprim\u00e9es sur un <strong data-start=\"425\" data-end=\"455\">papier cartonn\u00e9 de qualit\u00e9<\/strong>, nos cartes de rendez-vous peuvent \u00eatre <strong data-start=\"496\" data-end=\"514\">personnalis\u00e9es<\/strong> avec votre <strong data-start=\"526\" data-end=\"565\">logo, couleurs et identit\u00e9 visuelle<\/strong>. Disponibles en <strong data-start=\"582\" data-end=\"617\">formats standards ou sur mesure<\/strong>, avec <strong data-start=\"624\" data-end=\"654\">finition mate ou brillante<\/strong>, elles conviennent parfaitement aux <strong data-start=\"691\" data-end=\"793\">cabinets m\u00e9dicaux, salons de coiffure, instituts de beaut\u00e9, auto-\u00e9coles et entreprises de services<\/strong>.<\/p>\n<p data-start=\"798\" data-end=\"948\">Les cartes de rendez-vous renforcent votre <strong data-start=\"841\" data-end=\"866\">image professionnelle<\/strong>, r\u00e9duisent les <strong data-start=\"882\" data-end=\"907\">oublis de rendez-vous<\/strong> et am\u00e9liorent l\u2019<strong data-start=\"924\" data-end=\"945\">exp\u00e9rience client<\/strong>.<\/p>","protected":false},"excerpt":{"rendered":"<p>Facilitez l\u2019organisation de vos rendez-vous avec nos cartes de rendez-vous personnalis\u00e9es, pratiques et professionnelles. Con\u00e7ues pour permettre une lecture claire des informations essentielles (nom, date, heure, contact), elles offrent \u00e0 vos clients un rappel simple et efficace. Imprim\u00e9es sur un papier cartonn\u00e9 de qualit\u00e9, nos cartes de rendez-vous peuvent \u00eatre personnalis\u00e9es avec votre logo, couleurs [&hellip;]<\/p>\n","protected":false},"featured_media":328,"comment_status":"open","ping_status":"closed","template":"","meta":[],"product_brand":[],"product_cat":[15],"product_tag":[],"class_list":{"0":"post-336","1":"product","2":"type-product","3":"status-publish","4":"has-post-thumbnail","6":"product_cat-non-classe","8":"first","9":"instock","10":"taxable","11":"shipping-taxable","12":"purchasable","13":"product-type-simple"},"jetpack_sharing_enabled":true,"_links":{"self":[{"href":"https:\/\/mdesigns-shop.net\/ar\/wp-json\/wp\/v2\/product\/336","targetHints":{"allow":["GET"]}}],"collection":[{"href":"https:\/\/mdesigns-shop.net\/ar\/wp-json\/wp\/v2\/product"}],"about":[{"href":"https:\/\/mdesigns-shop.net\/ar\/wp-json\/wp\/v2\/types\/product"}],"replies":[{"embeddable":true,"href":"https:\/\/mdesigns-shop.net\/ar\/wp-json\/wp\/v2\/comments?post=336"}],"wp:featuredmedia":[{"embeddable":true,"href":"https:\/\/mdesigns-shop.net\/ar\/wp-json\/wp\/v2\/media\/328"}],"wp:attachment":[{"href":"https:\/\/mdesigns-shop.net\/ar\/wp-json\/wp\/v2\/media?parent=336"}],"wp:term":[{"taxonomy":"product_brand","embeddable":true,"href":"https:\/\/mdesigns-shop.net\/ar\/wp-json\/wp\/v2\/product_brand?post=336"},{"taxonomy":"product_cat","embeddable":true,"href":"https:\/\/mdesigns-shop.net\/ar\/wp-json\/wp\/v2\/product_cat?post=336"},{"taxonomy":"product_tag","embeddable":true,"href":"https:\/\/mdesigns-shop.net\/ar\/wp-json\/wp\/v2\/product_tag?post=336"}],"curies":[{"name":"wp","href":"https:\/\/api.w.org\/{rel}","templated":true}]}}