{"id":337,"date":"2026-01-07T19:55:17","date_gmt":"2026-01-07T18:55:17","guid":{"rendered":"https:\/\/mdesigns-shop.net\/?post_type=product&#038;p=337"},"modified":"2026-01-10T21:00:08","modified_gmt":"2026-01-10T20:00:08","slug":"roll-up-banner","status":"publish","type":"product","link":"https:\/\/mdesigns-shop.net\/ar\/product\/roll-up-banner\/","title":{"rendered":"Roll-up Banner"},"content":{"rendered":"<p data-start=\"106\" data-end=\"467\">Attirez l\u2019attention et valorisez votre communication visuelle avec nos <strong data-start=\"177\" data-end=\"210\">Roll Up Banners personnalis\u00e9s<\/strong>, une solution pratique et efficace pour vos <strong data-start=\"255\" data-end=\"309\">\u00e9v\u00e9nements, salons, expositions et points de vente<\/strong>. Gr\u00e2ce \u00e0 leur <strong data-start=\"324\" data-end=\"357\">structure en aluminium solide<\/strong> et leur <strong data-start=\"366\" data-end=\"388\">syst\u00e8me enroulable<\/strong>, ils sont <strong data-start=\"399\" data-end=\"464\">faciles \u00e0 transporter, rapides \u00e0 installer et peu encombrants<\/strong>.<\/p>\n<p data-start=\"469\" data-end=\"810\">Imprim\u00e9s en <strong data-start=\"481\" data-end=\"501\">haute r\u00e9solution<\/strong> sur un support de qualit\u00e9, nos roll up banners offrent des <strong data-start=\"561\" data-end=\"579\">couleurs vives<\/strong>, une <strong data-start=\"585\" data-end=\"610\">excellente lisibilit\u00e9<\/strong> et un rendu professionnel. Enti\u00e8rement <strong data-start=\"650\" data-end=\"670\">personnalisables<\/strong> (logo, visuels, messages, coordonn\u00e9es), ils sont disponibles en <strong data-start=\"735\" data-end=\"756\">plusieurs formats<\/strong> pour s\u2019adapter \u00e0 tous vos besoins de communication.<\/p>\n<p data-start=\"812\" data-end=\"1010\">Les roll up banners sont un <strong data-start=\"840\" data-end=\"876\">outil publicitaire indispensable<\/strong> pour renforcer votre <strong data-start=\"898\" data-end=\"912\">visibilit\u00e9<\/strong>, capter l\u2019attention du public et transmettre votre message de mani\u00e8re <strong data-start=\"983\" data-end=\"1007\">claire et impactante<\/strong>.<\/p>","protected":false},"excerpt":{"rendered":"<p>Attirez l\u2019attention et valorisez votre communication visuelle avec nos Roll Up Banners personnalis\u00e9s, une solution pratique et efficace pour vos \u00e9v\u00e9nements, salons, expositions et points de vente. Gr\u00e2ce \u00e0 leur structure en aluminium solide et leur syst\u00e8me enroulable, ils sont faciles \u00e0 transporter, rapides \u00e0 installer et peu encombrants. Imprim\u00e9s en haute r\u00e9solution sur un [&hellip;]<\/p>\n","protected":false},"featured_media":329,"comment_status":"open","ping_status":"closed","template":"","meta":[],"product_brand":[],"product_cat":[15],"product_tag":[],"class_list":{"0":"post-337","1":"product","2":"type-product","3":"status-publish","4":"has-post-thumbnail","6":"product_cat-non-classe","8":"first","9":"instock","10":"taxable","11":"shipping-taxable","12":"purchasable","13":"product-type-variable"},"jetpack_sharing_enabled":true,"_links":{"self":[{"href":"https:\/\/mdesigns-shop.net\/ar\/wp-json\/wp\/v2\/product\/337","targetHints":{"allow":["GET"]}}],"collection":[{"href":"https:\/\/mdesigns-shop.net\/ar\/wp-json\/wp\/v2\/product"}],"about":[{"href":"https:\/\/mdesigns-shop.net\/ar\/wp-json\/wp\/v2\/types\/product"}],"replies":[{"embeddable":true,"href":"https:\/\/mdesigns-shop.net\/ar\/wp-json\/wp\/v2\/comments?post=337"}],"wp:featuredmedia":[{"embeddable":true,"href":"https:\/\/mdesigns-shop.net\/ar\/wp-json\/wp\/v2\/media\/329"}],"wp:attachment":[{"href":"https:\/\/mdesigns-shop.net\/ar\/wp-json\/wp\/v2\/media?parent=337"}],"wp:term":[{"taxonomy":"product_brand","embeddable":true,"href":"https:\/\/mdesigns-shop.net\/ar\/wp-json\/wp\/v2\/product_brand?post=337"},{"taxonomy":"product_cat","embeddable":true,"href":"https:\/\/mdesigns-shop.net\/ar\/wp-json\/wp\/v2\/product_cat?post=337"},{"taxonomy":"product_tag","embeddable":true,"href":"https:\/\/mdesigns-shop.net\/ar\/wp-json\/wp\/v2\/product_tag?post=337"}],"curies":[{"name":"wp","href":"https:\/\/api.w.org\/{rel}","templated":true}]}}