{"id":340,"date":"2026-01-07T20:00:16","date_gmt":"2026-01-07T19:00:16","guid":{"rendered":"https:\/\/mdesigns-shop.net\/?post_type=product&#038;p=340"},"modified":"2026-01-10T21:00:08","modified_gmt":"2026-01-10T20:00:08","slug":"cartes-dinvitations","status":"publish","type":"product","link":"https:\/\/mdesigns-shop.net\/ar\/product\/cartes-dinvitations\/","title":{"rendered":"Cartes D&rsquo;Invitations"},"content":{"rendered":"<p data-start=\"109\" data-end=\"392\">Annoncez vos \u00e9v\u00e9nements avec \u00e9l\u00e9gance gr\u00e2ce \u00e0 nos <strong data-start=\"159\" data-end=\"197\">cartes d\u2019invitation personnalis\u00e9es<\/strong>, con\u00e7ues pour refl\u00e9ter le <strong data-start=\"224\" data-end=\"249\">style et l\u2019importance<\/strong> de chaque occasion. Imprim\u00e9es sur un <strong data-start=\"287\" data-end=\"319\">papier de qualit\u00e9 sup\u00e9rieure<\/strong>, elles offrent un rendu raffin\u00e9 et une excellente tenue dans le temps.<\/p>\n<p data-start=\"394\" data-end=\"738\">Enti\u00e8rement <strong data-start=\"406\" data-end=\"426\">personnalisables<\/strong> (texte, couleurs, typographie, visuels), nos cartes d\u2019invitation sont disponibles en <strong data-start=\"512\" data-end=\"552\">styles classique, moderne ou luxueux<\/strong>. Elles conviennent parfaitement aux <strong data-start=\"652\" data-end=\"735\">mariages, anniversaires, \u00e9v\u00e9nements professionnels, inaugurations et c\u00e9r\u00e9monies<\/strong>.<\/p>\n<p data-start=\"740\" data-end=\"910\">Les cartes d\u2019invitation cr\u00e9ent une <strong data-start=\"775\" data-end=\"808\">premi\u00e8re impression m\u00e9morable<\/strong>, suscitent l\u2019int\u00e9r\u00eat de vos invit\u00e9s et donnent le <strong data-start=\"859\" data-end=\"885\">ton de votre \u00e9v\u00e9nement<\/strong> d\u00e8s le premier regard.<\/p>","protected":false},"excerpt":{"rendered":"<p>Annoncez vos \u00e9v\u00e9nements avec \u00e9l\u00e9gance gr\u00e2ce \u00e0 nos cartes d\u2019invitation personnalis\u00e9es, con\u00e7ues pour refl\u00e9ter le style et l\u2019importance de chaque occasion. Imprim\u00e9es sur un papier de qualit\u00e9 sup\u00e9rieure, elles offrent un rendu raffin\u00e9 et une excellente tenue dans le temps. Enti\u00e8rement personnalisables (texte, couleurs, typographie, visuels), nos cartes d\u2019invitation sont disponibles en styles classique, moderne [&hellip;]<\/p>\n","protected":false},"featured_media":327,"comment_status":"open","ping_status":"closed","template":"","meta":[],"product_brand":[],"product_cat":[15],"product_tag":[],"class_list":{"0":"post-340","1":"product","2":"type-product","3":"status-publish","4":"has-post-thumbnail","6":"product_cat-non-classe","8":"first","9":"instock","10":"taxable","11":"shipping-taxable","12":"purchasable","13":"product-type-variable"},"jetpack_sharing_enabled":true,"_links":{"self":[{"href":"https:\/\/mdesigns-shop.net\/ar\/wp-json\/wp\/v2\/product\/340","targetHints":{"allow":["GET"]}}],"collection":[{"href":"https:\/\/mdesigns-shop.net\/ar\/wp-json\/wp\/v2\/product"}],"about":[{"href":"https:\/\/mdesigns-shop.net\/ar\/wp-json\/wp\/v2\/types\/product"}],"replies":[{"embeddable":true,"href":"https:\/\/mdesigns-shop.net\/ar\/wp-json\/wp\/v2\/comments?post=340"}],"wp:featuredmedia":[{"embeddable":true,"href":"https:\/\/mdesigns-shop.net\/ar\/wp-json\/wp\/v2\/media\/327"}],"wp:attachment":[{"href":"https:\/\/mdesigns-shop.net\/ar\/wp-json\/wp\/v2\/media?parent=340"}],"wp:term":[{"taxonomy":"product_brand","embeddable":true,"href":"https:\/\/mdesigns-shop.net\/ar\/wp-json\/wp\/v2\/product_brand?post=340"},{"taxonomy":"product_cat","embeddable":true,"href":"https:\/\/mdesigns-shop.net\/ar\/wp-json\/wp\/v2\/product_cat?post=340"},{"taxonomy":"product_tag","embeddable":true,"href":"https:\/\/mdesigns-shop.net\/ar\/wp-json\/wp\/v2\/product_tag?post=340"}],"curies":[{"name":"wp","href":"https:\/\/api.w.org\/{rel}","templated":true}]}}