{"id":94,"date":"2025-10-19T23:21:17","date_gmt":"2025-10-19T21:21:17","guid":{"rendered":"http:\/\/localhost\/wordpress\/?post_type=product&#038;p=94"},"modified":"2026-01-10T21:00:07","modified_gmt":"2026-01-10T20:00:07","slug":"carte-de-visite","status":"publish","type":"product","link":"https:\/\/mdesigns-shop.net\/ar\/product\/carte-de-visite\/","title":{"rendered":"Carte de Visite"},"content":{"rendered":"<p data-start=\"128\" data-end=\"433\">Faites une <strong data-start=\"139\" data-end=\"172\">premi\u00e8re impression m\u00e9morable<\/strong> avec nos <strong data-start=\"182\" data-end=\"217\">cartes de visite personnalis\u00e9es<\/strong>, con\u00e7ues pour refl\u00e9ter votre <strong data-start=\"247\" data-end=\"295\">professionnalisme et votre identit\u00e9 visuelle<\/strong>. Imprim\u00e9es sur un <strong data-start=\"314\" data-end=\"350\">papier cartonn\u00e9 de haute qualit\u00e9<\/strong>, elles offrent un rendu net et durable, id\u00e9al pour tous les secteurs d\u2019activit\u00e9.<\/p>\n<p data-start=\"435\" data-end=\"750\">Disponibles en <strong data-start=\"450\" data-end=\"492\">finition mate ou brillante,<\/strong>\u00a0nos cartes de visite allient <strong data-start=\"595\" data-end=\"621\">\u00e9l\u00e9gance et cr\u00e9ativit\u00e9<\/strong>. Vous pouvez y int\u00e9grer votre <strong data-start=\"652\" data-end=\"692\">logo, coordonn\u00e9es, QR code ou slogan<\/strong>, pour un design \u00e0 la fois <strong data-start=\"719\" data-end=\"747\">fonctionnel et impactant<\/strong>.<\/p>\n<p data-start=\"752\" data-end=\"973\">Que vous soyez <strong data-start=\"767\" data-end=\"816\">entrepreneur, designer, artisan ou entreprise<\/strong>, nos cartes de visite sont l\u2019outil parfait pour <strong data-start=\"865\" data-end=\"900\">valoriser votre image de marque<\/strong> et <strong data-start=\"904\" data-end=\"933\">laisser une trace durable<\/strong> aupr\u00e8s de vos clients et partenaires.<\/p>","protected":false},"excerpt":{"rendered":"<p>Faites une premi\u00e8re impression m\u00e9morable avec nos cartes de visite personnalis\u00e9es, con\u00e7ues pour refl\u00e9ter votre professionnalisme et votre identit\u00e9 visuelle. Imprim\u00e9es sur un papier cartonn\u00e9 de haute qualit\u00e9, elles offrent un rendu net et durable, id\u00e9al pour tous les secteurs d\u2019activit\u00e9. Disponibles en finition mate ou brillante,\u00a0nos cartes de visite allient \u00e9l\u00e9gance et cr\u00e9ativit\u00e9. Vous [&hellip;]<\/p>\n","protected":false},"featured_media":69,"comment_status":"open","ping_status":"closed","template":"","meta":[],"product_brand":[],"product_cat":[15],"product_tag":[],"class_list":{"0":"post-94","1":"product","2":"type-product","3":"status-publish","4":"has-post-thumbnail","6":"product_cat-non-classe","8":"first","9":"instock","10":"taxable","11":"shipping-taxable","12":"purchasable","13":"product-type-variable"},"jetpack_sharing_enabled":true,"_links":{"self":[{"href":"https:\/\/mdesigns-shop.net\/ar\/wp-json\/wp\/v2\/product\/94","targetHints":{"allow":["GET"]}}],"collection":[{"href":"https:\/\/mdesigns-shop.net\/ar\/wp-json\/wp\/v2\/product"}],"about":[{"href":"https:\/\/mdesigns-shop.net\/ar\/wp-json\/wp\/v2\/types\/product"}],"replies":[{"embeddable":true,"href":"https:\/\/mdesigns-shop.net\/ar\/wp-json\/wp\/v2\/comments?post=94"}],"wp:featuredmedia":[{"embeddable":true,"href":"https:\/\/mdesigns-shop.net\/ar\/wp-json\/wp\/v2\/media\/69"}],"wp:attachment":[{"href":"https:\/\/mdesigns-shop.net\/ar\/wp-json\/wp\/v2\/media?parent=94"}],"wp:term":[{"taxonomy":"product_brand","embeddable":true,"href":"https:\/\/mdesigns-shop.net\/ar\/wp-json\/wp\/v2\/product_brand?post=94"},{"taxonomy":"product_cat","embeddable":true,"href":"https:\/\/mdesigns-shop.net\/ar\/wp-json\/wp\/v2\/product_cat?post=94"},{"taxonomy":"product_tag","embeddable":true,"href":"https:\/\/mdesigns-shop.net\/ar\/wp-json\/wp\/v2\/product_tag?post=94"}],"curies":[{"name":"wp","href":"https:\/\/api.w.org\/{rel}","templated":true}]}}