{"id":97,"date":"2025-10-19T23:23:38","date_gmt":"2025-10-19T21:23:38","guid":{"rendered":"http:\/\/localhost\/wordpress\/?post_type=product&#038;p=97"},"modified":"2026-01-10T21:00:07","modified_gmt":"2026-01-10T20:00:07","slug":"carte-de-visite-a-decoupe-special","status":"publish","type":"product","link":"https:\/\/mdesigns-shop.net\/ar\/product\/carte-de-visite-a-decoupe-special\/","title":{"rendered":"Carte de Visite \u00e0 D\u00e9coupe Sp\u00e9cial"},"content":{"rendered":"<p data-start=\"149\" data-end=\"559\">D\u00e9couvrez notre <strong data-start=\"165\" data-end=\"203\">carte de visite \u00e0 d\u00e9coupe sp\u00e9ciale<\/strong>, un support unique qui attire l\u2019attention d\u00e8s le premier regard. Gr\u00e2ce \u00e0 sa <strong data-start=\"280\" data-end=\"303\">forme personnalis\u00e9e<\/strong> (logo, symbole ou design sur mesure), elle refl\u00e8te parfaitement l\u2019identit\u00e9 visuelle de votre marque. Imprim\u00e9e sur un <strong data-start=\"421\" data-end=\"445\">papier premium \u00e9pais<\/strong>, avec possibilit\u00e9 de <strong data-start=\"467\" data-end=\"509\">finition mate ou brillante<\/strong>, cette carte allie <strong data-start=\"529\" data-end=\"556\">originalit\u00e9 et \u00e9l\u00e9gance<\/strong>.<\/p>\n<p data-start=\"561\" data-end=\"841\">La d\u00e9coupe au laser garantit une <strong data-start=\"594\" data-end=\"622\">pr\u00e9cision exceptionnelle<\/strong>, permettant des formes fines et modernes. Id\u00e9ale pour les <strong data-start=\"681\" data-end=\"758\">entreprises cr\u00e9atives, les designers, les marques de luxe ou les artisans<\/strong> souhaitant se d\u00e9marquer et laisser une <strong data-start=\"798\" data-end=\"822\">impression m\u00e9morable<\/strong> \u00e0 leurs clients.<\/p>","protected":false},"excerpt":{"rendered":"<p>D\u00e9couvrez notre carte de visite \u00e0 d\u00e9coupe sp\u00e9ciale, un support unique qui attire l\u2019attention d\u00e8s le premier regard. Gr\u00e2ce \u00e0 sa forme personnalis\u00e9e (logo, symbole ou design sur mesure), elle refl\u00e8te parfaitement l\u2019identit\u00e9 visuelle de votre marque. Imprim\u00e9e sur un papier premium \u00e9pais, avec possibilit\u00e9 de finition mate ou brillante, cette carte allie originalit\u00e9 et [&hellip;]<\/p>\n","protected":false},"featured_media":171,"comment_status":"open","ping_status":"closed","template":"","meta":[],"product_brand":[],"product_cat":[15],"product_tag":[],"class_list":{"0":"post-97","1":"product","2":"type-product","3":"status-publish","4":"has-post-thumbnail","6":"product_cat-non-classe","8":"first","9":"instock","10":"taxable","11":"shipping-taxable","12":"purchasable","13":"product-type-variable"},"jetpack_sharing_enabled":true,"_links":{"self":[{"href":"https:\/\/mdesigns-shop.net\/ar\/wp-json\/wp\/v2\/product\/97","targetHints":{"allow":["GET"]}}],"collection":[{"href":"https:\/\/mdesigns-shop.net\/ar\/wp-json\/wp\/v2\/product"}],"about":[{"href":"https:\/\/mdesigns-shop.net\/ar\/wp-json\/wp\/v2\/types\/product"}],"replies":[{"embeddable":true,"href":"https:\/\/mdesigns-shop.net\/ar\/wp-json\/wp\/v2\/comments?post=97"}],"wp:featuredmedia":[{"embeddable":true,"href":"https:\/\/mdesigns-shop.net\/ar\/wp-json\/wp\/v2\/media\/171"}],"wp:attachment":[{"href":"https:\/\/mdesigns-shop.net\/ar\/wp-json\/wp\/v2\/media?parent=97"}],"wp:term":[{"taxonomy":"product_brand","embeddable":true,"href":"https:\/\/mdesigns-shop.net\/ar\/wp-json\/wp\/v2\/product_brand?post=97"},{"taxonomy":"product_cat","embeddable":true,"href":"https:\/\/mdesigns-shop.net\/ar\/wp-json\/wp\/v2\/product_cat?post=97"},{"taxonomy":"product_tag","embeddable":true,"href":"https:\/\/mdesigns-shop.net\/ar\/wp-json\/wp\/v2\/product_tag?post=97"}],"curies":[{"name":"wp","href":"https:\/\/api.w.org\/{rel}","templated":true}]}}